{"id":325,"date":"2020-06-30T11:33:22","date_gmt":"2020-06-30T09:33:22","guid":{"rendered":"https:\/\/2023.igrzyskawolnosci.pl\/en\/?page_id=325"},"modified":"2020-06-30T11:33:23","modified_gmt":"2020-06-30T09:33:23","slug":"contact","status":"publish","type":"page","link":"https:\/\/2023.igrzyskawolnosci.pl\/en\/contact\/","title":{"rendered":"Contact"},"content":{"rendered":"\n<p><strong>Libert\u00e9! Foundation<\/strong><\/p>\n\n\n\n<p>(Main Organizer of Freedom Games)<\/p>\n\n\n\n<p>102 Piotrkowska Street<\/p>\n\n\n\n<p>90\u2013004 \u0141\u00f3d\u017a, Poland<\/p>\n\n\n\n<p><strong>e-mail<\/strong>: fundacja@findustrial.pl<\/p>\n","protected":false},"excerpt":{"rendered":"<p>Libert\u00e9! Foundation (Main Organizer of Freedom Games) 102 Piotrkowska Street 90\u2013004 \u0141\u00f3d\u017a, Poland e-mail: fundacja@findustrial.pl<\/p>\n","protected":false},"author":2,"featured_media":0,"parent":0,"menu_order":0,"comment_status":"closed","ping_status":"closed","template":"","meta":[],"acf":[],"_links":{"self":[{"href":"https:\/\/2023.igrzyskawolnosci.pl\/en\/wp-json\/wp\/v2\/pages\/325"}],"collection":[{"href":"https:\/\/2023.igrzyskawolnosci.pl\/en\/wp-json\/wp\/v2\/pages"}],"about":[{"href":"https:\/\/2023.igrzyskawolnosci.pl\/en\/wp-json\/wp\/v2\/types\/page"}],"author":[{"embeddable":true,"href":"https:\/\/2023.igrzyskawolnosci.pl\/en\/wp-json\/wp\/v2\/users\/2"}],"replies":[{"embeddable":true,"href":"https:\/\/2023.igrzyskawolnosci.pl\/en\/wp-json\/wp\/v2\/comments?post=325"}],"version-history":[{"count":1,"href":"https:\/\/2023.igrzyskawolnosci.pl\/en\/wp-json\/wp\/v2\/pages\/325\/revisions"}],"predecessor-version":[{"id":327,"href":"https:\/\/2023.igrzyskawolnosci.pl\/en\/wp-json\/wp\/v2\/pages\/325\/revisions\/327"}],"wp:attachment":[{"href":"https:\/\/2023.igrzyskawolnosci.pl\/en\/wp-json\/wp\/v2\/media?parent=325"}],"curies":[{"name":"wp","href":"https:\/\/api.w.org\/{rel}","templated":true}]}}